{"id":16,"date":"2025-05-13T10:15:16","date_gmt":"2025-05-13T08:15:16","guid":{"rendered":"https:\/\/eben-menuiserie.com\/?page_id=16"},"modified":"2025-10-02T18:35:51","modified_gmt":"2025-10-02T16:35:51","slug":"16-2","status":"publish","type":"page","link":"https:\/\/eben-menuiserie.com\/?page_id=16","title":{"rendered":"Services"},"content":{"rendered":"\n<div class=\"wp-block-cover alignfull is-light\" style=\"margin-top:0;margin-bottom:0;padding-top:0;padding-bottom:0;min-height:450px;aspect-ratio:unset;\"><img loading=\"lazy\" decoding=\"async\" width=\"2560\" height=\"1920\" class=\"wp-block-cover__image-background wp-image-194 size-full\" alt=\"\" src=\"https:\/\/eben-menuiserie.com\/wp-content\/uploads\/2025\/05\/IMG_5264-scaled.jpeg\" data-object-fit=\"cover\" srcset=\"https:\/\/eben-menuiserie.com\/wp-content\/uploads\/2025\/05\/IMG_5264-scaled.jpeg 2560w, https:\/\/eben-menuiserie.com\/wp-content\/uploads\/2025\/05\/IMG_5264-300x225.jpeg 300w, https:\/\/eben-menuiserie.com\/wp-content\/uploads\/2025\/05\/IMG_5264-1024x768.jpeg 1024w, https:\/\/eben-menuiserie.com\/wp-content\/uploads\/2025\/05\/IMG_5264-768x576.jpeg 768w, https:\/\/eben-menuiserie.com\/wp-content\/uploads\/2025\/05\/IMG_5264-1536x1152.jpeg 1536w, https:\/\/eben-menuiserie.com\/wp-content\/uploads\/2025\/05\/IMG_5264-2048x1536.jpeg 2048w\" sizes=\"auto, (max-width: 2560px) 100vw, 2560px\" \/><span aria-hidden=\"true\" class=\"wp-block-cover__background has-black-background-color has-background-dim-10 has-background-dim\"><\/span><div class=\"wp-block-cover__inner-container has-global-padding is-layout-constrained wp-container-core-cover-is-layout-6e7f18e7 wp-block-cover-is-layout-constrained\">\n<h1 class=\"wp-block-heading has-text-align-center has-text-color\" style=\"color:#ffffff;font-size:clamp(40.387px, 2.524rem + ((1vw - 3.2px) * 4.047), 76px);\">Nos services <\/h1>\n<\/div><\/div>\n\n\n\n<figure class=\"wp-block-gallery has-nested-images columns-default is-cropped wp-block-gallery-1 is-layout-flex wp-block-gallery-is-layout-flex\">\n<figure class=\"wp-block-image size-large\"><img loading=\"lazy\" decoding=\"async\" width=\"768\" height=\"1024\" data-id=\"189\" src=\"https:\/\/eben-menuiserie.com\/wp-content\/uploads\/2025\/05\/IMG_1388-768x1024.jpeg\" alt=\"\" class=\"wp-image-189\" srcset=\"https:\/\/eben-menuiserie.com\/wp-content\/uploads\/2025\/05\/IMG_1388-768x1024.jpeg 768w, https:\/\/eben-menuiserie.com\/wp-content\/uploads\/2025\/05\/IMG_1388-225x300.jpeg 225w, https:\/\/eben-menuiserie.com\/wp-content\/uploads\/2025\/05\/IMG_1388-1152x1536.jpeg 1152w, https:\/\/eben-menuiserie.com\/wp-content\/uploads\/2025\/05\/IMG_1388-1536x2048.jpeg 1536w, https:\/\/eben-menuiserie.com\/wp-content\/uploads\/2025\/05\/IMG_1388-scaled.jpeg 1920w\" sizes=\"auto, (max-width: 768px) 100vw, 768px\" \/><\/figure>\n\n\n\n<figure class=\"wp-block-image size-large\"><img loading=\"lazy\" decoding=\"async\" width=\"1024\" height=\"768\" data-id=\"110\" src=\"https:\/\/eben-menuiserie.com\/wp-content\/uploads\/2025\/05\/IMG_2029-1024x768.jpeg\" alt=\"\" class=\"wp-image-110\" srcset=\"https:\/\/eben-menuiserie.com\/wp-content\/uploads\/2025\/05\/IMG_2029-1024x768.jpeg 1024w, https:\/\/eben-menuiserie.com\/wp-content\/uploads\/2025\/05\/IMG_2029-300x225.jpeg 300w, https:\/\/eben-menuiserie.com\/wp-content\/uploads\/2025\/05\/IMG_2029-768x576.jpeg 768w, https:\/\/eben-menuiserie.com\/wp-content\/uploads\/2025\/05\/IMG_2029-1536x1152.jpeg 1536w, https:\/\/eben-menuiserie.com\/wp-content\/uploads\/2025\/05\/IMG_2029-2048x1536.jpeg 2048w\" sizes=\"auto, (max-width: 1024px) 100vw, 1024px\" \/><\/figure>\n<\/figure>\n\n\n\n<figure class=\"wp-block-image size-large\"><img loading=\"lazy\" decoding=\"async\" width=\"1024\" height=\"768\" src=\"https:\/\/eben-menuiserie.com\/wp-content\/uploads\/2025\/05\/IMG_1439-1024x768.jpeg\" alt=\"\" class=\"wp-image-100\" srcset=\"https:\/\/eben-menuiserie.com\/wp-content\/uploads\/2025\/05\/IMG_1439-1024x768.jpeg 1024w, https:\/\/eben-menuiserie.com\/wp-content\/uploads\/2025\/05\/IMG_1439-300x225.jpeg 300w, https:\/\/eben-menuiserie.com\/wp-content\/uploads\/2025\/05\/IMG_1439-768x576.jpeg 768w, https:\/\/eben-menuiserie.com\/wp-content\/uploads\/2025\/05\/IMG_1439-1536x1152.jpeg 1536w, https:\/\/eben-menuiserie.com\/wp-content\/uploads\/2025\/05\/IMG_1439-2048x1536.jpeg 2048w\" sizes=\"auto, (max-width: 1024px) 100vw, 1024px\" \/><\/figure>\n\n\n\n<figure class=\"wp-block-gallery has-nested-images columns-default is-cropped wp-block-gallery-2 is-layout-flex wp-block-gallery-is-layout-flex\">\n<figure class=\"wp-block-image size-large\"><img loading=\"lazy\" decoding=\"async\" width=\"768\" height=\"1024\" data-id=\"102\" src=\"https:\/\/eben-menuiserie.com\/wp-content\/uploads\/2025\/05\/IMG_2875-768x1024.jpg\" alt=\"\" class=\"wp-image-102\" srcset=\"https:\/\/eben-menuiserie.com\/wp-content\/uploads\/2025\/05\/IMG_2875-768x1024.jpg 768w, https:\/\/eben-menuiserie.com\/wp-content\/uploads\/2025\/05\/IMG_2875-225x300.jpg 225w, https:\/\/eben-menuiserie.com\/wp-content\/uploads\/2025\/05\/IMG_2875-1152x1536.jpg 1152w, https:\/\/eben-menuiserie.com\/wp-content\/uploads\/2025\/05\/IMG_2875-1536x2048.jpg 1536w, https:\/\/eben-menuiserie.com\/wp-content\/uploads\/2025\/05\/IMG_2875-scaled.jpg 1920w\" sizes=\"auto, (max-width: 768px) 100vw, 768px\" \/><\/figure>\n\n\n\n<figure class=\"wp-block-image size-large\"><img loading=\"lazy\" decoding=\"async\" width=\"1024\" height=\"768\" data-id=\"188\" src=\"https:\/\/eben-menuiserie.com\/wp-content\/uploads\/2025\/05\/IMG_8816-1024x768.jpeg\" alt=\"\" class=\"wp-image-188\" srcset=\"https:\/\/eben-menuiserie.com\/wp-content\/uploads\/2025\/05\/IMG_8816-1024x768.jpeg 1024w, https:\/\/eben-menuiserie.com\/wp-content\/uploads\/2025\/05\/IMG_8816-300x225.jpeg 300w, https:\/\/eben-menuiserie.com\/wp-content\/uploads\/2025\/05\/IMG_8816-768x576.jpeg 768w, https:\/\/eben-menuiserie.com\/wp-content\/uploads\/2025\/05\/IMG_8816-1536x1152.jpeg 1536w, https:\/\/eben-menuiserie.com\/wp-content\/uploads\/2025\/05\/IMG_8816-2048x1536.jpeg 2048w\" sizes=\"auto, (max-width: 1024px) 100vw, 1024px\" \/><\/figure>\n\n\n\n<figure class=\"wp-block-image size-large\"><img loading=\"lazy\" decoding=\"async\" width=\"1024\" height=\"768\" data-id=\"192\" src=\"https:\/\/eben-menuiserie.com\/wp-content\/uploads\/2025\/05\/IMG_2218-1024x768.jpeg\" alt=\"\" class=\"wp-image-192\" srcset=\"https:\/\/eben-menuiserie.com\/wp-content\/uploads\/2025\/05\/IMG_2218-1024x768.jpeg 1024w, https:\/\/eben-menuiserie.com\/wp-content\/uploads\/2025\/05\/IMG_2218-300x225.jpeg 300w, https:\/\/eben-menuiserie.com\/wp-content\/uploads\/2025\/05\/IMG_2218-768x576.jpeg 768w, https:\/\/eben-menuiserie.com\/wp-content\/uploads\/2025\/05\/IMG_2218-1536x1152.jpeg 1536w, https:\/\/eben-menuiserie.com\/wp-content\/uploads\/2025\/05\/IMG_2218-2048x1536.jpeg 2048w\" sizes=\"auto, (max-width: 1024px) 100vw, 1024px\" \/><\/figure>\n\n\n\n<figure class=\"wp-block-image size-large\"><img loading=\"lazy\" decoding=\"async\" width=\"1024\" height=\"768\" data-id=\"97\" src=\"https:\/\/eben-menuiserie.com\/wp-content\/uploads\/2025\/05\/IMG_5424-1024x768.jpeg\" alt=\"\" class=\"wp-image-97\" srcset=\"https:\/\/eben-menuiserie.com\/wp-content\/uploads\/2025\/05\/IMG_5424-1024x768.jpeg 1024w, https:\/\/eben-menuiserie.com\/wp-content\/uploads\/2025\/05\/IMG_5424-300x225.jpeg 300w, https:\/\/eben-menuiserie.com\/wp-content\/uploads\/2025\/05\/IMG_5424-768x576.jpeg 768w, https:\/\/eben-menuiserie.com\/wp-content\/uploads\/2025\/05\/IMG_5424-1536x1152.jpeg 1536w, https:\/\/eben-menuiserie.com\/wp-content\/uploads\/2025\/05\/IMG_5424-2048x1536.jpeg 2048w\" sizes=\"auto, (max-width: 1024px) 100vw, 1024px\" \/><\/figure>\n\n\n\n<figure class=\"wp-block-image size-large\"><img loading=\"lazy\" decoding=\"async\" width=\"768\" height=\"1024\" data-id=\"94\" src=\"https:\/\/eben-menuiserie.com\/wp-content\/uploads\/2025\/05\/IMG_5514-768x1024.jpeg\" alt=\"\" class=\"wp-image-94\" srcset=\"https:\/\/eben-menuiserie.com\/wp-content\/uploads\/2025\/05\/IMG_5514-768x1024.jpeg 768w, https:\/\/eben-menuiserie.com\/wp-content\/uploads\/2025\/05\/IMG_5514-225x300.jpeg 225w, https:\/\/eben-menuiserie.com\/wp-content\/uploads\/2025\/05\/IMG_5514-1152x1536.jpeg 1152w, https:\/\/eben-menuiserie.com\/wp-content\/uploads\/2025\/05\/IMG_5514-1536x2048.jpeg 1536w, https:\/\/eben-menuiserie.com\/wp-content\/uploads\/2025\/05\/IMG_5514-scaled.jpeg 1920w\" sizes=\"auto, (max-width: 768px) 100vw, 768px\" \/><\/figure>\n\n\n\n<figure class=\"wp-block-image size-large\"><img loading=\"lazy\" decoding=\"async\" width=\"1024\" height=\"768\" data-id=\"187\" src=\"https:\/\/eben-menuiserie.com\/wp-content\/uploads\/2025\/05\/IMG_1374-1024x768.jpg\" alt=\"\" class=\"wp-image-187\" srcset=\"https:\/\/eben-menuiserie.com\/wp-content\/uploads\/2025\/05\/IMG_1374-1024x768.jpg 1024w, https:\/\/eben-menuiserie.com\/wp-content\/uploads\/2025\/05\/IMG_1374-300x225.jpg 300w, https:\/\/eben-menuiserie.com\/wp-content\/uploads\/2025\/05\/IMG_1374-768x576.jpg 768w, https:\/\/eben-menuiserie.com\/wp-content\/uploads\/2025\/05\/IMG_1374-1536x1152.jpg 1536w, https:\/\/eben-menuiserie.com\/wp-content\/uploads\/2025\/05\/IMG_1374-2048x1536.jpg 2048w\" sizes=\"auto, (max-width: 1024px) 100vw, 1024px\" \/><\/figure>\n<\/figure>\n\n\n\n<div class=\"wp-block-cover alignfull is-light wp-elements-472623c4fddf2425cb3a8979e95d4a00\" style=\"margin-top:0;margin-bottom:0;padding-top:60px;padding-bottom:70px\"><span aria-hidden=\"true\" class=\"wp-block-cover__background has-background-dim-0 has-background-dim\" style=\"background-color:#f4efe8\"><\/span><div class=\"wp-block-cover__inner-container has-global-padding is-layout-constrained wp-container-core-cover-is-layout-b6dde979 wp-block-cover-is-layout-constrained\">\n<div class=\"wp-block-columns is-layout-flex wp-container-core-columns-is-layout-df0ecb7a wp-block-columns-is-layout-flex\" style=\"margin-top:0px;margin-bottom:0px;padding-top:0px;padding-right:0px;padding-bottom:0px;padding-left:0px\">\n<div class=\"wp-block-column is-layout-flow wp-block-column-is-layout-flow\">\n<h4 class=\"wp-block-heading has-text-color has-inter-font-family\" style=\"color:#536942;padding-bottom:40px;font-size:clamp(24.034px, 1.502rem + ((1vw - 3.2px) * 1.814), 40px);font-style:normal;font-weight:400;letter-spacing:-1px\">       Pourquoi nous choisir ?<\/h4>\n\n\n\n<p>Chez nous, nous sommes fiers de vous offrir un savoir-faire de qualit\u00e9 et un service personnalis\u00e9. Votre satisfaction est notre priorit\u00e9 absolue et nous travaillons en \u00e9troite collaboration avec vous pour donner vie \u00e0 votre vision.<\/p>\n\n\n\n<p>Forte de nombreuses ann\u00e9es d&rsquo;exp\u00e9rience, notre \u00e9quipe qualifi\u00e9e garantit que chaque projet est r\u00e9alis\u00e9 avec pr\u00e9cision et soin. Nous utilisons les meilleurs mat\u00e9riaux et notre engagement envers l&rsquo;excellence vous garantit des r\u00e9sultats exceptionnels qui r\u00e9sistent \u00e0 l&rsquo;\u00e9preuve du temps.<\/p>\n<\/div>\n\n\n\n<div class=\"wp-block-column is-vertically-aligned-bottom is-layout-flow wp-block-column-is-layout-flow\" style=\"flex-basis:40%\">\n<div class=\"wp-block-columns is-layout-flex wp-container-core-columns-is-layout-9c22b1e3 wp-block-columns-is-layout-flex\">\n<div class=\"wp-block-column is-layout-flow wp-block-column-is-layout-flow\">\n<div class=\"wp-block-group is-vertical is-content-justification-center is-layout-flex wp-container-core-group-is-layout-feccf9d1 wp-block-group-is-layout-flex\" style=\"margin-bottom:60px\">\n<figure class=\"wp-block-image size-full is-resized\"><img decoding=\"async\" src=\"https:\/\/tyler.com\/wp-content\/uploads\/2023\/11\/love-nature-icon1.png\" alt=\"\" class=\"wp-image-2251\" style=\"width:80px;height:undefinedpx\"\/><\/figure>\n\n\n\n<p class=\"has-text-color\" style=\"color:#536942;font-size:13px;font-style:normal;font-weight:400\">Des ann\u00e9es d&rsquo;expertise<\/p>\n<\/div>\n\n\n\n<div class=\"wp-block-group is-vertical is-content-justification-center is-layout-flex wp-container-core-group-is-layout-0a9e916c wp-block-group-is-layout-flex\">\n<figure class=\"wp-block-image size-full is-resized\"><img decoding=\"async\" src=\"https:\/\/tyler.com\/wp-content\/uploads\/2023\/11\/love-nature-icon3.png\" alt=\"\" class=\"wp-image-2253\" style=\"width:80px;height:undefinedpx\"\/><\/figure>\n\n\n\n<p class=\"has-text-color has-dm-sans-font-family\" style=\"color:#536942;font-size:13px;font-style:normal;font-weight:400\">Livraison rapide du projet<\/p>\n<\/div>\n<\/div>\n\n\n\n<div class=\"wp-block-column is-layout-flow wp-block-column-is-layout-flow\">\n<div class=\"wp-block-group is-vertical is-content-justification-center is-layout-flex wp-container-core-group-is-layout-feccf9d1 wp-block-group-is-layout-flex\" style=\"margin-bottom:60px\">\n<figure class=\"wp-block-image size-full is-resized\"><img decoding=\"async\" src=\"https:\/\/tyler.com\/wp-content\/uploads\/2023\/11\/love-nature-icon2.png\" alt=\"\" class=\"wp-image-2252\" style=\"width:80px;height:undefinedpx\"\/><\/figure>\n\n\n\n<p class=\"has-text-color\" style=\"color:#536942;font-size:13px;font-style:normal;font-weight:400\">Meilleures notes des clients<\/p>\n<\/div>\n\n\n\n<div class=\"wp-block-group is-vertical is-content-justification-center is-layout-flex wp-container-core-group-is-layout-0a9e916c wp-block-group-is-layout-flex\">\n<figure class=\"wp-block-image size-full is-resized\"><img decoding=\"async\" src=\"https:\/\/tyler.com\/wp-content\/uploads\/2023\/11\/love-nature-icon4.png\" alt=\"\" class=\"wp-image-2254\" style=\"width:80px;height:undefinedpx\"\/><\/figure>\n\n\n\n<p class=\"has-text-color has-dm-sans-font-family\" style=\"color:#536942;font-size:13px;font-style:normal;font-weight:400\">\u00c9quipe d&rsquo;assistance d\u00e9di\u00e9e<\/p>\n<\/div>\n<\/div>\n<\/div>\n<\/div>\n<\/div>\n<\/div><\/div>\n","protected":false},"excerpt":{"rendered":"","protected":false},"author":1,"featured_media":0,"parent":0,"menu_order":0,"comment_status":"closed","ping_status":"closed","template":"","meta":{"footnotes":""},"class_list":["post-16","page","type-page","status-publish","hentry"],"_links":{"self":[{"href":"https:\/\/eben-menuiserie.com\/index.php?rest_route=\/wp\/v2\/pages\/16","targetHints":{"allow":["GET"]}}],"collection":[{"href":"https:\/\/eben-menuiserie.com\/index.php?rest_route=\/wp\/v2\/pages"}],"about":[{"href":"https:\/\/eben-menuiserie.com\/index.php?rest_route=\/wp\/v2\/types\/page"}],"author":[{"embeddable":true,"href":"https:\/\/eben-menuiserie.com\/index.php?rest_route=\/wp\/v2\/users\/1"}],"replies":[{"embeddable":true,"href":"https:\/\/eben-menuiserie.com\/index.php?rest_route=%2Fwp%2Fv2%2Fcomments&post=16"}],"version-history":[{"count":10,"href":"https:\/\/eben-menuiserie.com\/index.php?rest_route=\/wp\/v2\/pages\/16\/revisions"}],"predecessor-version":[{"id":221,"href":"https:\/\/eben-menuiserie.com\/index.php?rest_route=\/wp\/v2\/pages\/16\/revisions\/221"}],"wp:attachment":[{"href":"https:\/\/eben-menuiserie.com\/index.php?rest_route=%2Fwp%2Fv2%2Fmedia&parent=16"}],"curies":[{"name":"wp","href":"https:\/\/api.w.org\/{rel}","templated":true}]}}